{"id":739,"date":"2017-12-08T09:59:17","date_gmt":"2017-12-08T08:59:17","guid":{"rendered":"http:\/\/fak-armaturen.com\/tankinhaltsanzeiger\/"},"modified":"2018-01-19T09:02:29","modified_gmt":"2018-01-19T08:02:29","slug":"tank-level-indicators","status":"publish","type":"page","link":"https:\/\/fak-armaturen.com\/en\/tank-level-indicators\/","title":{"rendered":"Tank Level Indicators"},"content":{"rendered":"<p><div class=\"fusion-fullwidth fullwidth-box fusion-builder-row-1 nonhundred-percent-fullwidth non-hundred-percent-height-scrolling\" style=\"background-color: rgba(255,255,255,0);background-position: center center;background-repeat: no-repeat;padding-top:80px;padding-right:50px;padding-bottom:0px;padding-left:50px;margin-bottom: 0px;margin-top: 0px;border-width: 0px 0px 0px 0px;border-color:#eae9e9;border-style:solid;\" ><div class=\"fusion-builder-row fusion-row\"><div class=\"fusion-layout-column fusion_builder_column fusion-builder-column-0 fusion_builder_column_1_1 1_1 fusion-one-full fusion-column-first fusion-column-last\" style=\"margin-top:0px;margin-bottom:20px;\"><div class=\"fusion-column-wrapper fusion-flex-column-wrapper-legacy\" style=\"background-position:left top;background-repeat:no-repeat;-webkit-background-size:cover;-moz-background-size:cover;-o-background-size:cover;background-size:cover;padding: 0px 0px 0px 0px;\"><span class=\" fusion-imageframe imageframe-none imageframe-1 hover-type-none\"><img decoding=\"async\" width=\"1500\" height=\"611\" title=\"113794044_FLANSCH_LAY WEB\" src=\"http:\/\/fak-armaturen.com\/wp-content\/uploads\/2017\/05\/113794044_FLANSCH_LAY-WEB-1.jpg\" alt class=\"img-responsive wp-image-285\" srcset=\"https:\/\/fak-armaturen.com\/wp-content\/uploads\/2017\/05\/113794044_FLANSCH_LAY-WEB-1-200x81.jpg 200w, https:\/\/fak-armaturen.com\/wp-content\/uploads\/2017\/05\/113794044_FLANSCH_LAY-WEB-1-400x163.jpg 400w, https:\/\/fak-armaturen.com\/wp-content\/uploads\/2017\/05\/113794044_FLANSCH_LAY-WEB-1-600x244.jpg 600w, https:\/\/fak-armaturen.com\/wp-content\/uploads\/2017\/05\/113794044_FLANSCH_LAY-WEB-1-800x326.jpg 800w, https:\/\/fak-armaturen.com\/wp-content\/uploads\/2017\/05\/113794044_FLANSCH_LAY-WEB-1-1200x489.jpg 1200w, https:\/\/fak-armaturen.com\/wp-content\/uploads\/2017\/05\/113794044_FLANSCH_LAY-WEB-1.jpg 1500w\" sizes=\"(max-width: 800px) 100vw, 1500px\" \/><\/span><div class=\"fusion-clearfix\"><\/div><\/div><\/div><\/div><\/div><div class=\"fusion-fullwidth fullwidth-box fusion-builder-row-2 produkt-container nonhundred-percent-fullwidth non-hundred-percent-height-scrolling\" style=\"background-color: rgba(255,255,255,0);background-position: center center;background-repeat: no-repeat;padding-top:0px;padding-right:0px;padding-bottom:150px;padding-left:0px;margin-bottom: 0px;margin-top: 50px;border-width: 0px 0px 0px 0px;border-color:#eae9e9;border-style:solid;\" ><div class=\"fusion-builder-row fusion-row\"><div class=\"fusion-layout-column fusion_builder_column fusion-builder-column-1 fusion_builder_column_1_2 1_2 fusion-one-half fusion-column-first\" style=\"width:50%;width:calc(50% - ( ( 20px ) * 0.5 ) );margin-right: 20px;margin-top:0px;margin-bottom:20px;\"><div class=\"fusion-column-wrapper fusion-flex-column-wrapper-legacy\" style=\"background-position:left top;background-repeat:no-repeat;-webkit-background-size:cover;-moz-background-size:cover;-o-background-size:cover;background-size:cover;padding: 0px 0px 0px 0px;\"><span class=\" fusion-imageframe imageframe-none imageframe-2 hover-type-none\"><img decoding=\"async\" width=\"476\" height=\"330\" title=\"FAK Tankinhaltsanzeiger\" src=\"http:\/\/fak-armaturen.com\/wp-content\/uploads\/2017\/12\/FAK-Tankinhaltsanzeiger.jpg\" alt class=\"img-responsive wp-image-593\" srcset=\"https:\/\/fak-armaturen.com\/wp-content\/uploads\/2017\/12\/FAK-Tankinhaltsanzeiger-200x139.jpg 200w, https:\/\/fak-armaturen.com\/wp-content\/uploads\/2017\/12\/FAK-Tankinhaltsanzeiger-400x277.jpg 400w, https:\/\/fak-armaturen.com\/wp-content\/uploads\/2017\/12\/FAK-Tankinhaltsanzeiger.jpg 476w\" sizes=\"(max-width: 800px) 100vw, 476px\" \/><\/span><div class=\"fusion-clearfix\"><\/div><\/div><\/div><div class=\"fusion-layout-column fusion_builder_column fusion-builder-column-2 fusion_builder_column_1_2 1_2 fusion-one-half fusion-column-last\" style=\"width:50%;width:calc(50% - ( ( 20px ) * 0.5 ) );margin-top:0px;margin-bottom:20px;\"><div class=\"fusion-column-wrapper fusion-flex-column-wrapper-legacy\" style=\"background-position:left top;background-repeat:no-repeat;-webkit-background-size:cover;-moz-background-size:cover;-o-background-size:cover;background-size:cover;padding: 0px 0px 0px 0px;\"><div class=\"fusion-text fusion-text-1\"><h2><strong><span class=\"title\">Tank Level Indicators<\/span><\/strong><\/h2>\n<p>Wir liefern Schaugl\u00e4ser in GG 25, GS-C 25, 1.4408 oder Rotgu\u00df Druckstufen PN 10, PN 16, PN 25, PN 40. Nach DIN oder Schiffbaul\u00e4ngen. F\u00fcr Wasser, \u00d6l, Chemikalien<\/p>\n<p>\u2022 Magnetniveauanzeiger mit Flanschen oder Schraubanschl\u00fcssen.<\/p>\n<p>\u2022 DN 15, DN 20, DN 25 bis zu Druckstufen PN 40. Mit magnetischer oder elektrischer Anzeige. Komplett aus 1.4401.<\/p>\n<table border=\"0\" cellspacing=\"0\" cellpadding=\"0\">\n<tbody>\n<tr>\n<td class=\"tab_text\"><\/td>\n<td class=\"tab_text\"><\/td>\n<\/tr>\n<\/tbody>\n<\/table>\n<table border=\"0\" cellspacing=\"0\" cellpadding=\"0\">\n<tbody>\n<tr>\n<td class=\"tab_text\"><\/td>\n<td class=\"tab_text\"><\/td>\n<\/tr>\n<\/tbody>\n<\/table>\n<\/div><div class=\"fusion-clearfix\"><\/div><\/div><\/div><\/div><\/div><\/p>\n","protected":false},"excerpt":{"rendered":"","protected":false},"author":1,"featured_media":0,"parent":0,"menu_order":0,"comment_status":"closed","ping_status":"closed","template":"","meta":[],"_links":{"self":[{"href":"https:\/\/fak-armaturen.com\/en\/wp-json\/wp\/v2\/pages\/739"}],"collection":[{"href":"https:\/\/fak-armaturen.com\/en\/wp-json\/wp\/v2\/pages"}],"about":[{"href":"https:\/\/fak-armaturen.com\/en\/wp-json\/wp\/v2\/types\/page"}],"author":[{"embeddable":true,"href":"https:\/\/fak-armaturen.com\/en\/wp-json\/wp\/v2\/users\/1"}],"replies":[{"embeddable":true,"href":"https:\/\/fak-armaturen.com\/en\/wp-json\/wp\/v2\/comments?post=739"}],"version-history":[{"count":2,"href":"https:\/\/fak-armaturen.com\/en\/wp-json\/wp\/v2\/pages\/739\/revisions"}],"predecessor-version":[{"id":834,"href":"https:\/\/fak-armaturen.com\/en\/wp-json\/wp\/v2\/pages\/739\/revisions\/834"}],"wp:attachment":[{"href":"https:\/\/fak-armaturen.com\/en\/wp-json\/wp\/v2\/media?parent=739"}],"curies":[{"name":"wp","href":"https:\/\/api.w.org\/{rel}","templated":true}]}}