{"id":959,"date":"2019-02-25T12:02:58","date_gmt":"2019-02-25T11:02:58","guid":{"rendered":"http:\/\/fak-armaturen.com\/?page_id=959"},"modified":"2025-02-11T14:36:08","modified_gmt":"2025-02-11T13:36:08","slug":"imprint","status":"publish","type":"page","link":"https:\/\/fak-armaturen.com\/en\/imprint\/","title":{"rendered":"Imprint"},"content":{"rendered":"<p>Verantwortlich i.S.v. \u00a7 6 TDG ist:<br \/>\nFAK-Armaturen GmbH<br \/>\nGesch\u00e4ftsf\u00fchrer: Heike K\u00e4hler<br \/>\nBraaker Grund 8<br \/>\n22145 Braak<br \/>\nTel +49 (0)40 &#8211; 53 89 49-0<br \/>\nEmail info@fak-armaturen.de<\/p>\n<p>Zoll-Nr. 4763041 | HR B 84349 | St-Nr. 50\/720\/00155 | Ust-ID-DE 813453196<\/p>\n<p>Urheberrecht<br \/>\nAlle Inhalte (Texte, Bilder, Grafiken, Tondokumente, Videosequenzen und Animationsdateien sowie deren Anordnung u.a.) auf der Website von FAK-Armaturen unterliegen dem Schutz des Urheberrechts sowie weiterer Schutzgesetze. Die Inhalte sind nur f\u00fcr den bestimmungsgem\u00e4\u00dfen Abruf im Internet frei nutzbar. Die Inhalte dieser Websites d\u00fcrfen au\u00dferhalb der Grenzen des Urheberrechts ohne schriftliche Genehmigung von FAK-ARMATUREN GmbH nicht in irgendeiner Form vervielf\u00e4ltigt, verbreitet, ver\u00e4ndert oder Dritten zug\u00e4nglich gemacht werden.<\/p>\n<p>Gew\u00e4hrleistung<br \/>\nTrotz sorgf\u00e4ltiger inhaltlicher Kontrolle \u00fcbernehmen wir keine Haftung f\u00fcr die Inhalte externer Links. Eine Garantie f\u00fcr die Vollst\u00e4ndigkeit, Richtigkeit und letzte Aktualit\u00e4t kann jedoch nicht \u00fcbernommen werden. Wir stellen diese Informationen ohne jegliche Gew\u00e4hrleistung zur Verf\u00fcgung. Jegliche Haftung f\u00fcr Sch\u00e4den, die direkt oder indirekt aus der Benutzung dieser Website entstehen, sind ausgeschlossen.<\/p>\n","protected":false},"excerpt":{"rendered":"<p>Verantwortlich i.S.v. \u00a7 6 TDG ist: FAK-Armaturen GmbH Gesch\u00e4ftsf\u00fchrer: Heike K\u00e4hler Braaker Grund 8 22145 Braak Tel +49 (0)40 &#8211; 53 89 49-0 Email info@fak-armaturen.de Zoll-Nr. 4763041 | HR B 84349 | St-Nr. 50\/720\/00155 | Ust-ID-DE 813453196 Urheberrecht Alle Inhalte (Texte, Bilder, Grafiken, Tondokumente, Videosequenzen und Animationsdateien sowie deren Anordnung u.a.) auf der Website von [&hellip;]<\/p>\n","protected":false},"author":7,"featured_media":0,"parent":0,"menu_order":0,"comment_status":"closed","ping_status":"closed","template":"","meta":[],"_links":{"self":[{"href":"https:\/\/fak-armaturen.com\/en\/wp-json\/wp\/v2\/pages\/959"}],"collection":[{"href":"https:\/\/fak-armaturen.com\/en\/wp-json\/wp\/v2\/pages"}],"about":[{"href":"https:\/\/fak-armaturen.com\/en\/wp-json\/wp\/v2\/types\/page"}],"author":[{"embeddable":true,"href":"https:\/\/fak-armaturen.com\/en\/wp-json\/wp\/v2\/users\/7"}],"replies":[{"embeddable":true,"href":"https:\/\/fak-armaturen.com\/en\/wp-json\/wp\/v2\/comments?post=959"}],"version-history":[{"count":6,"href":"https:\/\/fak-armaturen.com\/en\/wp-json\/wp\/v2\/pages\/959\/revisions"}],"predecessor-version":[{"id":1098,"href":"https:\/\/fak-armaturen.com\/en\/wp-json\/wp\/v2\/pages\/959\/revisions\/1098"}],"wp:attachment":[{"href":"https:\/\/fak-armaturen.com\/en\/wp-json\/wp\/v2\/media?parent=959"}],"curies":[{"name":"wp","href":"https:\/\/api.w.org\/{rel}","templated":true}]}}